{"id":47051,"date":"2024-04-04T13:24:01","date_gmt":"2024-04-04T13:24:01","guid":{"rendered":"https:\/\/yana.ro\/termeni\/"},"modified":"2024-09-23T08:35:28","modified_gmt":"2024-09-23T08:35:28","slug":"terms","status":"publish","type":"page","link":"https:\/\/yana.ro\/en\/terms\/","title":{"rendered":"Terms"},"content":{"rendered":"\t\t<div data-elementor-type=\"wp-page\" data-elementor-id=\"47051\" class=\"elementor elementor-47051 elementor-44409\" data-elementor-post-type=\"page\">\n\t\t\t\t\t\t<section class=\"elementor-section elementor-top-section elementor-element elementor-element-13c3d994 elementor-section-height-min-height animated-fast elementor-section-content-middle elementor-section-boxed elementor-section-height-default elementor-section-items-middle elementor-invisible\" data-id=\"13c3d994\" data-element_type=\"section\" data-settings=\"{&quot;background_background&quot;:&quot;classic&quot;,&quot;animation&quot;:&quot;fadeIn&quot;}\">\n\t\t\t\t\t\t\t<div class=\"elementor-background-overlay\"><\/div>\n\t\t\t\t\t\t\t<div class=\"elementor-container elementor-column-gap-no\">\n\t\t\t\t\t<div class=\"elementor-column elementor-col-100 elementor-top-column elementor-element elementor-element-5cd47238\" data-id=\"5cd47238\" data-element_type=\"column\">\n\t\t\t<div class=\"elementor-widget-wrap elementor-element-populated\">\n\t\t\t\t\t\t<div class=\"elementor-element elementor-element-5a41d057 elementor-widget elementor-widget-heading\" data-id=\"5a41d057\" data-element_type=\"widget\" data-widget_type=\"heading.default\">\n\t\t\t\t<div class=\"elementor-widget-container\">\n\t\t\t<style>\/*! elementor - v3.20.0 - 26-03-2024 *\/\n.elementor-heading-title{padding:0;margin:0;line-height:1}.elementor-widget-heading .elementor-heading-title[class*=elementor-size-]>a{color:inherit;font-size:inherit;line-height:inherit}.elementor-widget-heading .elementor-heading-title.elementor-size-small{font-size:15px}.elementor-widget-heading .elementor-heading-title.elementor-size-medium{font-size:19px}.elementor-widget-heading .elementor-heading-title.elementor-size-large{font-size:29px}.elementor-widget-heading .elementor-heading-title.elementor-size-xl{font-size:39px}.elementor-widget-heading .elementor-heading-title.elementor-size-xxl{font-size:59px}<\/style><h4 class=\"elementor-heading-title elementor-size-default\">LEGAL INFORMATION<\/h4>\t\t<\/div>\n\t\t\t\t<\/div>\n\t\t\t\t<div class=\"elementor-element elementor-element-7a2c3882 elementor-widget__width-initial elementor-widget-tablet__width-auto elementor-widget-mobile__width-inherit elementor-widget elementor-widget-heading\" data-id=\"7a2c3882\" data-element_type=\"widget\" data-widget_type=\"heading.default\">\n\t\t\t\t<div class=\"elementor-widget-container\">\n\t\t\t<h1 class=\"elementor-heading-title elementor-size-default\">Terms and Conditions of Use<\/h1>\t\t<\/div>\n\t\t\t\t<\/div>\n\t\t\t\t\t<\/div>\n\t\t<\/div>\n\t\t\t\t\t<\/div>\n\t\t<\/section>\n\t\t<div class=\"elementor-element elementor-element-17926c2 e-flex e-con-boxed e-con e-parent\" data-id=\"17926c2\" data-element_type=\"container\" data-core-v316-plus=\"true\">\n\t\t\t\t\t<div class=\"e-con-inner\">\n\t\t\t\t<div class=\"elementor-element elementor-element-75e1658 elementor-widget__width-initial elementor-widget elementor-widget-heading\" data-id=\"75e1658\" data-element_type=\"widget\" data-widget_type=\"heading.default\">\n\t\t\t\t<div class=\"elementor-widget-container\">\n\t\t\t<h2 class=\"elementor-heading-title elementor-size-default\">The Legal Agreement Between You and YANA<\/h2>\t\t<\/div>\n\t\t\t\t<\/div>\n\t\t\t\t\t<\/div>\n\t\t\t\t<\/div>\n\t\t<div class=\"elementor-element elementor-element-30db955 e-flex e-con-boxed e-con e-parent\" data-id=\"30db955\" data-element_type=\"container\" data-core-v316-plus=\"true\">\n\t\t\t\t\t<div class=\"e-con-inner\">\n\t\t\t\t<div class=\"elementor-element elementor-element-fbad961 elementor-widget elementor-widget-text-editor\" data-id=\"fbad961\" data-element_type=\"widget\" data-widget_type=\"text-editor.default\">\n\t\t\t\t<div class=\"elementor-widget-container\">\n\t\t\t<style>\/*! elementor - v3.20.0 - 26-03-2024 *\/\n.elementor-widget-text-editor.elementor-drop-cap-view-stacked .elementor-drop-cap{background-color:#69727d;color:#fff}.elementor-widget-text-editor.elementor-drop-cap-view-framed .elementor-drop-cap{color:#69727d;border:3px solid;background-color:transparent}.elementor-widget-text-editor:not(.elementor-drop-cap-view-default) .elementor-drop-cap{margin-top:8px}.elementor-widget-text-editor:not(.elementor-drop-cap-view-default) .elementor-drop-cap-letter{width:1em;height:1em}.elementor-widget-text-editor .elementor-drop-cap{float:left;text-align:center;line-height:1;font-size:50px}.elementor-widget-text-editor .elementor-drop-cap-letter{display:inline-block}<\/style>\t\t\t\t<p>YANA &#8211; YOU ARE NOT- ALONE CHARITABLE FOUNDATION is a Non-profit organization based in Str. Roses no. 5, Nicolae B\u0103lcescu village, Nicolae B\u0103lcescu commune, Bac\u0103u county, registered at the NGO National Register under no. 2\/E\/2009, having C.I.F. 25430895.<\/p><p>The website www.yana.ro belongs to the YANA- YOU ARE NOT- ALONE CHARITABLE FOUNDATION, and all the information (text, video, audio) present on this website is the property of the YANA- YOU ARE NOT- ALONE CHARITABLE FOUNDATION. YANA- YOU ARE NOT- ALONE CHARITABLE FOUNDATION may decide to modify the content of this website and the content of these terms and conditions at any time.<\/p><p>Accessing this website implies acceptance of these terms and conditions.<\/p><p>The YANA &#8211; YOU ARE NOT- ALONE CHARITABLE FOUNDATION does not assume responsibility for the consequences resulting from improper use of this website and the information contained therein.<\/p><p>The YANA &#8211; YOU ARE NOT- ALONE CHARITABLE FOUNDATION does not assume responsibility for any virus contamination arising from the use of this website. Disputes resulting from the use of this Platform will be resolved through the means friendly.<\/p><p>On the YANA -YOU ARE NOT-ALONE CHARITABLE FOUNDATION website there may be mentions of external websites managed by other organizations. YANA &#8211; YOU ARE NOT- ALONE CHARITABLE FOUNDATION has no responsibility regarding the content of those websites, their content being the exclusive responsibility of the respective organizations.<\/p><p><strong>Donations<\/strong><\/p><p>The YANA &#8211; YOU ARE NOT- ALONE CHARITABLE FOUNDATION accepts online donations with the card, via the website www.yana.ro. Payment processing is done by <strong>Stripe \u2013 www.stripe.com.<\/strong><\/p><p>YANA &#8211; YOU ARE NOT- ALONE CHARITABLE FOUNDATION does not save bank card information or provide bank card information to other entities.<\/p><p><strong>Donations made on the www.yana.ro website will not be returned.<\/strong><\/p>\t\t\t\t\t\t<\/div>\n\t\t\t\t<\/div>\n\t\t\t\t\t<\/div>\n\t\t\t\t<\/div>\n\t\t<div class=\"elementor-element elementor-element-5cab1ee e-con-full e-flex e-con e-parent\" data-id=\"5cab1ee\" data-element_type=\"container\" data-core-v316-plus=\"true\">\n\t\t<div class=\"elementor-element elementor-element-d8e86f0 e-con-full e-flex e-con e-child\" data-id=\"d8e86f0\" data-element_type=\"container\">\n\t\t\t\t<div class=\"elementor-element elementor-element-3c0f5bc elementor-widget-divider--view-line elementor-widget elementor-widget-divider\" data-id=\"3c0f5bc\" data-element_type=\"widget\" data-widget_type=\"divider.default\">\n\t\t\t\t<div class=\"elementor-widget-container\">\n\t\t\t<style>\/*! elementor - v3.20.0 - 26-03-2024 *\/\n.elementor-widget-divider{--divider-border-style:none;--divider-border-width:1px;--divider-color:#0c0d0e;--divider-icon-size:20px;--divider-element-spacing:10px;--divider-pattern-height:24px;--divider-pattern-size:20px;--divider-pattern-url:none;--divider-pattern-repeat:repeat-x}.elementor-widget-divider .elementor-divider{display:flex}.elementor-widget-divider .elementor-divider__text{font-size:15px;line-height:1;max-width:95%}.elementor-widget-divider .elementor-divider__element{margin:0 var(--divider-element-spacing);flex-shrink:0}.elementor-widget-divider .elementor-icon{font-size:var(--divider-icon-size)}.elementor-widget-divider .elementor-divider-separator{display:flex;margin:0;direction:ltr}.elementor-widget-divider--view-line_icon .elementor-divider-separator,.elementor-widget-divider--view-line_text .elementor-divider-separator{align-items:center}.elementor-widget-divider--view-line_icon .elementor-divider-separator:after,.elementor-widget-divider--view-line_icon .elementor-divider-separator:before,.elementor-widget-divider--view-line_text .elementor-divider-separator:after,.elementor-widget-divider--view-line_text .elementor-divider-separator:before{display:block;content:\"\";border-block-end:0;flex-grow:1;border-block-start:var(--divider-border-width) var(--divider-border-style) var(--divider-color)}.elementor-widget-divider--element-align-left .elementor-divider .elementor-divider-separator>.elementor-divider__svg:first-of-type{flex-grow:0;flex-shrink:100}.elementor-widget-divider--element-align-left .elementor-divider-separator:before{content:none}.elementor-widget-divider--element-align-left .elementor-divider__element{margin-left:0}.elementor-widget-divider--element-align-right .elementor-divider .elementor-divider-separator>.elementor-divider__svg:last-of-type{flex-grow:0;flex-shrink:100}.elementor-widget-divider--element-align-right .elementor-divider-separator:after{content:none}.elementor-widget-divider--element-align-right .elementor-divider__element{margin-right:0}.elementor-widget-divider--element-align-start .elementor-divider .elementor-divider-separator>.elementor-divider__svg:first-of-type{flex-grow:0;flex-shrink:100}.elementor-widget-divider--element-align-start .elementor-divider-separator:before{content:none}.elementor-widget-divider--element-align-start .elementor-divider__element{margin-inline-start:0}.elementor-widget-divider--element-align-end .elementor-divider .elementor-divider-separator>.elementor-divider__svg:last-of-type{flex-grow:0;flex-shrink:100}.elementor-widget-divider--element-align-end .elementor-divider-separator:after{content:none}.elementor-widget-divider--element-align-end .elementor-divider__element{margin-inline-end:0}.elementor-widget-divider:not(.elementor-widget-divider--view-line_text):not(.elementor-widget-divider--view-line_icon) .elementor-divider-separator{border-block-start:var(--divider-border-width) var(--divider-border-style) var(--divider-color)}.elementor-widget-divider--separator-type-pattern{--divider-border-style:none}.elementor-widget-divider--separator-type-pattern.elementor-widget-divider--view-line .elementor-divider-separator,.elementor-widget-divider--separator-type-pattern:not(.elementor-widget-divider--view-line) .elementor-divider-separator:after,.elementor-widget-divider--separator-type-pattern:not(.elementor-widget-divider--view-line) .elementor-divider-separator:before,.elementor-widget-divider--separator-type-pattern:not([class*=elementor-widget-divider--view]) .elementor-divider-separator{width:100%;min-height:var(--divider-pattern-height);-webkit-mask-size:var(--divider-pattern-size) 100%;mask-size:var(--divider-pattern-size) 100%;-webkit-mask-repeat:var(--divider-pattern-repeat);mask-repeat:var(--divider-pattern-repeat);background-color:var(--divider-color);-webkit-mask-image:var(--divider-pattern-url);mask-image:var(--divider-pattern-url)}.elementor-widget-divider--no-spacing{--divider-pattern-size:auto}.elementor-widget-divider--bg-round{--divider-pattern-repeat:round}.rtl .elementor-widget-divider .elementor-divider__text{direction:rtl}.e-con-inner>.elementor-widget-divider,.e-con>.elementor-widget-divider{width:var(--container-widget-width,100%);--flex-grow:var(--container-widget-flex-grow)}<\/style>\t\t<div class=\"elementor-divider\">\n\t\t\t<span class=\"elementor-divider-separator\">\n\t\t\t\t\t\t<\/span>\n\t\t<\/div>\n\t\t\t\t<\/div>\n\t\t\t\t<\/div>\n\t\t\t\t<\/div>\n\t\t\t\t<\/div>\n\t\t\t\t<\/div>\n\t\t","protected":false},"excerpt":{"rendered":"<p>LEGAL INFORMATION Terms and Conditions of Use The Legal Agreement Between You and YANA YANA &#8211; YOU ARE NOT- ALONE CHARITABLE FOUNDATION is a Non-profit organization based in Str. Roses no. 5, Nicolae B\u0103lcescu village, Nicolae B\u0103lcescu commune, Bac\u0103u county, registered at the NGO National Register under no. 2\/E\/2009, having C.I.F. 25430895. The website www.yana.ro&#8230;<\/p>\n","protected":false},"author":1,"featured_media":0,"parent":0,"menu_order":0,"comment_status":"closed","ping_status":"closed","template":"","meta":{"give_campaign_id":0,"footnotes":""},"class_list":["post-47051","page","type-page","status-publish","hentry"],"campaignId":"","_links":{"self":[{"href":"https:\/\/yana.ro\/en\/wp-json\/wp\/v2\/pages\/47051","targetHints":{"allow":["GET"]}}],"collection":[{"href":"https:\/\/yana.ro\/en\/wp-json\/wp\/v2\/pages"}],"about":[{"href":"https:\/\/yana.ro\/en\/wp-json\/wp\/v2\/types\/page"}],"author":[{"embeddable":true,"href":"https:\/\/yana.ro\/en\/wp-json\/wp\/v2\/users\/1"}],"replies":[{"embeddable":true,"href":"https:\/\/yana.ro\/en\/wp-json\/wp\/v2\/comments?post=47051"}],"version-history":[{"count":4,"href":"https:\/\/yana.ro\/en\/wp-json\/wp\/v2\/pages\/47051\/revisions"}],"predecessor-version":[{"id":47061,"href":"https:\/\/yana.ro\/en\/wp-json\/wp\/v2\/pages\/47051\/revisions\/47061"}],"wp:attachment":[{"href":"https:\/\/yana.ro\/en\/wp-json\/wp\/v2\/media?parent=47051"}],"curies":[{"name":"wp","href":"https:\/\/api.w.org\/{rel}","templated":true}]}}